{"id":2,"date":"2023-08-08T12:24:38","date_gmt":"2023-08-08T12:24:38","guid":{"rendered":"https:\/\/ghostrunnergame.com\/ghostrunner2\/?page_id=2"},"modified":"2024-10-28T16:50:54","modified_gmt":"2024-10-28T16:50:54","slug":"ghostrunner-2","status":"publish","type":"page","link":"https:\/\/staging-t.ghostrunnergame.com\/es\/","title":{"rendered":"Inicio"},"content":{"rendered":"<p>Ghostrunner 2&nbsp;is the hardcore sequel to the critically acclaimed, lightning-fast slasher set in a post-apocalyptic, cyberpunk world. Prepare for mind-bending action as you take on the violent AI cult who has infiltrated the last refuge of humanity. Explore beyond Dharma tower with your new motorbike, decimate enemies in the Cybervoid, test yourself with challenging new modes, and master dynamic new abilities to become the ultimate cyber ninja.<\/p>\n\n\n\n<p>El dise\u00f1o de los niveles de Ghostrunner 2 es m\u00e1s vers\u00e1til que nunca y ofrece diversas maneras de jugar, as\u00ed como m\u00e1s libertad a la hora de avanzar hasta tu objetivo. Prep\u00e1rate para llevar la experiencia de Ghostrunner a otro nivel.<\/p>","protected":false},"excerpt":{"rendered":"<p>Ghostrunner 2&nbsp;is the hardcore sequel to the critically acclaimed, lightning-fast slasher set in a post-apocalyptic, cyberpunk world. Prepare for mind-bending [&hellip;]<\/p>","protected":false},"author":1,"featured_media":0,"parent":0,"menu_order":0,"comment_status":"closed","ping_status":"closed","template":"homepage-teamplate.php","meta":{"_acf_changed":false,"footnotes":""},"class_list":["post-2","page","type-page","status-publish","hentry"],"acf":[],"_links":{"self":[{"href":"https:\/\/staging-t.ghostrunnergame.com\/es\/wp-json\/wp\/v2\/pages\/2","targetHints":{"allow":["GET"]}}],"collection":[{"href":"https:\/\/staging-t.ghostrunnergame.com\/es\/wp-json\/wp\/v2\/pages"}],"about":[{"href":"https:\/\/staging-t.ghostrunnergame.com\/es\/wp-json\/wp\/v2\/types\/page"}],"author":[{"embeddable":true,"href":"https:\/\/staging-t.ghostrunnergame.com\/es\/wp-json\/wp\/v2\/users\/1"}],"replies":[{"embeddable":true,"href":"https:\/\/staging-t.ghostrunnergame.com\/es\/wp-json\/wp\/v2\/comments?post=2"}],"version-history":[{"count":54,"href":"https:\/\/staging-t.ghostrunnergame.com\/es\/wp-json\/wp\/v2\/pages\/2\/revisions"}],"predecessor-version":[{"id":1341,"href":"https:\/\/staging-t.ghostrunnergame.com\/es\/wp-json\/wp\/v2\/pages\/2\/revisions\/1341"}],"wp:attachment":[{"href":"https:\/\/staging-t.ghostrunnergame.com\/es\/wp-json\/wp\/v2\/media?parent=2"}],"curies":[{"name":"wp","href":"https:\/\/api.w.org\/{rel}","templated":true}]}}